{"id":742,"date":"2020-09-19T21:07:10","date_gmt":"2020-09-19T21:07:10","guid":{"rendered":"https:\/\/juanzuluaga.co\/esp\/?page_id=742"},"modified":"2020-09-19T21:58:24","modified_gmt":"2020-09-19T21:58:24","slug":"servicios","status":"publish","type":"page","link":"https:\/\/juanzuluaga.co\/esp\/servicios\/","title":{"rendered":"Servicios"},"content":{"rendered":"<div class=\"wrapper-medium\"><div  class=\"column-section clearfix spaced-normal  col-align-top no-anim\"><div  class=\"column one-full last-col  col1 no-anim\" >\n<h5 class=\"title-alt align-auto  h7\">Enfoque<\/h5>\n<div class=\"spacer spacer-mini \"><\/div><\/div><\/div><\/div><div class=\"wrapper-medium\"><div  class=\"column-section clearfix spaced-normal  col-align-top no-anim\"><div  class=\"column one-third   col2 no-anim\" >\n<h5>Busco marcas disruptivas, orientadas al dise\u00f1o.<\/h5>\n<h5>Si tienes un producto o servicio, una historia por contar, o un modelo de negocio que necesita un cambio, me interesa trabajar contigo.<\/h5>\n<\/div><div  class=\"column two-third last-col  col3 no-anim\" >\n<h5><strong>Servicios<\/strong><\/h5>\n<ul class=\"nolist\">\n<li>\n<div>Desarrollo de estrategia integral de contenido para comercio electr\u00f3nico.<\/div>\n<\/li>\n<li>\n<div>Producci\u00f3n y direcci\u00f3n creativa de campa\u00f1as publicitarias y lookbooks fotogr\u00e1ficos y audiovisuales.<\/div>\n<\/li>\n<li>\n<div>Desarrollo de estrategia integral de contenido para redes sociales.<\/div>\n<\/li>\n<li>\n<div>Curaci\u00f3n de colecciones y asesor\u00eda en desarrollo de producto.<\/div>\n<\/li>\n<li>\n<div>Implementaci\u00f3n de influencer marketing en Colombia, Estados Unidos, M\u00e9xico y Espa\u00f1a.<\/div>\n<\/li>\n<li>\n<div>Copywriting creativo y comercial.<\/div>\n<\/li>\n<li>\n<div>Consecuci\u00f3n de proveedores de insumos y producto terminado en Colombia y China.<\/div>\n<\/li>\n<\/ul>\n<h5><\/h5>\n<\/div><\/div><\/div><div class=\"spacer spacer-big \"><\/div><div class=\"spacer spacer-big \"><\/div><div class=\"wrapper-medium\"><div  class=\"column-section clearfix spaced-normal  col-align-top no-anim\"><div  class=\"column one-full last-col  col4 no-anim\" >\n<h5 class=\"title-alt align-auto  h7\">Hablemos<\/h5>\n<h5><\/h5>\n<\/div><\/div><\/div><div class=\"spacer spacer-small \"><\/div><div class=\"wrapper-medium\"><div  class=\"column-section clearfix spaced-normal  col-align-top no-anim\"><div  class=\"column one-half   col5 no-anim\" >\n<h5>Comp\u00e1rteme tus dudas y tus ideas.<\/h5>\n<\/div><div  class=\"column one-half last-col  col6 no-anim\" >\n\n<div class=\"wpcf7 no-js\" id=\"wpcf7-f638-o1\" lang=\"en-US\" dir=\"ltr\" data-wpcf7-id=\"638\">\n<div class=\"screen-reader-response\"><p role=\"status\" aria-live=\"polite\" aria-atomic=\"true\"><\/p> <ul><\/ul><\/div>\n<form action=\"\/esp\/wp-json\/wp\/v2\/pages\/742#wpcf7-f638-o1\" method=\"post\" class=\"wpcf7-form init\" aria-label=\"Contact form\" novalidate=\"novalidate\" data-status=\"init\">\n<fieldset class=\"hidden-fields-container\"><input type=\"hidden\" name=\"_wpcf7\" value=\"638\" \/><input type=\"hidden\" name=\"_wpcf7_version\" value=\"6.1.5\" \/><input type=\"hidden\" name=\"_wpcf7_locale\" value=\"en_US\" \/><input type=\"hidden\" name=\"_wpcf7_unit_tag\" value=\"wpcf7-f638-o1\" \/><input type=\"hidden\" name=\"_wpcf7_container_post\" value=\"0\" \/><input type=\"hidden\" name=\"_wpcf7_posted_data_hash\" value=\"\" \/>\n<\/fieldset>\n<div class=\"form-row column one-half\">\n\t<p><label>Compa\u00f1\u00eda *<\/label><span class=\"wpcf7-form-control-wrap\" data-name=\"your-name\"><input size=\"40\" maxlength=\"400\" class=\"wpcf7-form-control wpcf7-text wpcf7-validates-as-required\" aria-required=\"true\" aria-invalid=\"false\" value=\"\" type=\"text\" name=\"your-name\" \/><\/span>\n\t<\/p>\n<\/div>\n<div class=\"form-row column one-half last-col\">\n\t<p><label>Correo *<\/label><span class=\"wpcf7-form-control-wrap\" data-name=\"your-email\"><input size=\"40\" maxlength=\"400\" class=\"wpcf7-form-control wpcf7-email wpcf7-validates-as-required wpcf7-text wpcf7-validates-as-email\" aria-required=\"true\" aria-invalid=\"false\" value=\"\" type=\"email\" name=\"your-email\" \/><\/span>\n\t<\/p>\n<\/div>\n<div class=\"form-row column one-half\">\n\t<p><label>Asunto<\/label><span class=\"wpcf7-form-control-wrap\" data-name=\"your-subject\"><input size=\"40\" maxlength=\"400\" class=\"wpcf7-form-control wpcf7-text\" aria-invalid=\"false\" value=\"\" type=\"text\" name=\"your-subject\" \/><\/span>\n\t<\/p>\n<\/div>\n<div class=\"form-row column one-half last-col\">\n\t<p><label>Estudio<\/label><span class=\"wpcf7-form-control-wrap\" data-name=\"studio\"><select class=\"wpcf7-form-control wpcf7-select\" aria-invalid=\"false\" name=\"studio\"><option value=\"Colombia\">Colombia<\/option><option value=\"Panam\u00e1\">Panam\u00e1<\/option><option value=\"Espa\u00f1a\">Espa\u00f1a<\/option><option value=\"Francia\">Francia<\/option><\/select><\/span>\n\t<\/p>\n<\/div>\n<div class=\"clear\">\n<\/div>\n<div class=\"form-row column one-full\">\n\t<p><label>Mensaje<\/label><span class=\"wpcf7-form-control-wrap\" data-name=\"your-message\"><textarea cols=\"40\" rows=\"10\" maxlength=\"2000\" class=\"wpcf7-form-control wpcf7-textarea\" aria-invalid=\"false\" name=\"your-message\"><\/textarea><\/span>\n\t<\/p>\n<\/div>\n<p><input class=\"wpcf7-form-control wpcf7-submit has-spinner\" type=\"submit\" value=\"Enviar\" \/>\n<\/p><div class=\"wpcf7-response-output\" aria-hidden=\"true\"><\/div>\n<\/form>\n<\/div>\n\n<\/div><\/div><\/div>\n","protected":false},"excerpt":{"rendered":"","protected":false},"author":1,"featured_media":0,"parent":0,"menu_order":0,"comment_status":"closed","ping_status":"closed","template":"","meta":{"nf_dc_page":"","footnotes":""},"class_list":["post-742","page","type-page","status-publish","hentry","isotope-item"],"jetpack_sharing_enabled":true,"_links":{"self":[{"href":"https:\/\/juanzuluaga.co\/esp\/wp-json\/wp\/v2\/pages\/742","targetHints":{"allow":["GET"]}}],"collection":[{"href":"https:\/\/juanzuluaga.co\/esp\/wp-json\/wp\/v2\/pages"}],"about":[{"href":"https:\/\/juanzuluaga.co\/esp\/wp-json\/wp\/v2\/types\/page"}],"author":[{"embeddable":true,"href":"https:\/\/juanzuluaga.co\/esp\/wp-json\/wp\/v2\/users\/1"}],"replies":[{"embeddable":true,"href":"https:\/\/juanzuluaga.co\/esp\/wp-json\/wp\/v2\/comments?post=742"}],"version-history":[{"count":5,"href":"https:\/\/juanzuluaga.co\/esp\/wp-json\/wp\/v2\/pages\/742\/revisions"}],"predecessor-version":[{"id":748,"href":"https:\/\/juanzuluaga.co\/esp\/wp-json\/wp\/v2\/pages\/742\/revisions\/748"}],"wp:attachment":[{"href":"https:\/\/juanzuluaga.co\/esp\/wp-json\/wp\/v2\/media?parent=742"}],"curies":[{"name":"wp","href":"https:\/\/api.w.org\/{rel}","templated":true}]}}